{"id":15,"date":"2021-12-01T12:35:36","date_gmt":"2021-12-01T12:35:36","guid":{"rendered":"https:\/\/claseinfo.es\/nba\/?page_id=15"},"modified":"2022-02-14T19:31:49","modified_gmt":"2022-02-14T19:31:49","slug":"bienvenidos","status":"publish","type":"page","link":"https:\/\/claseinfo.es\/nba\/","title":{"rendered":"Bienvenidos"},"content":{"rendered":"\n<p>Esta es mi p\u00e1gina web sobre la NBA. Aqu\u00ed\u00ad podr\u00e1s encontrar todo tipo de informaci\u00f3n sobre esta liga de baloncesto, desde su historia y los equipos que forman parte de ella hasta las \u00faltimas noticias y novedades del entorno de la NBA.<\/p>\n\n\n\n<figure class=\"wp-block-gallery has-nested-images columns-default is-cropped wp-block-gallery-1 is-layout-flex wp-block-gallery-is-layout-flex\">\n<figure class=\"wp-block-image size-large\"><img loading=\"lazy\" decoding=\"async\" width=\"1024\" height=\"696\" data-id=\"306\" src=\"https:\/\/claseinfo.es\/nba\/wp-content\/uploads\/2022\/01\/logo_nba-1024x696.png\" alt=\"\" class=\"wp-image-306\" srcset=\"https:\/\/claseinfo.es\/nba\/wp-content\/uploads\/2022\/01\/logo_nba-1024x696.png 1024w, https:\/\/claseinfo.es\/nba\/wp-content\/uploads\/2022\/01\/logo_nba-300x204.png 300w, https:\/\/claseinfo.es\/nba\/wp-content\/uploads\/2022\/01\/logo_nba-768x522.png 768w, https:\/\/claseinfo.es\/nba\/wp-content\/uploads\/2022\/01\/logo_nba-1200x816.png 1200w, https:\/\/claseinfo.es\/nba\/wp-content\/uploads\/2022\/01\/logo_nba.png 1250w\" sizes=\"auto, (max-width: 1024px) 100vw, 1024px\" \/><figcaption>Logo de la NBA<\/figcaption><\/figure>\n<\/figure>\n","protected":false},"excerpt":{"rendered":"<p>Esta es mi p\u00e1gina web sobre la NBA. Aqu\u00ed\u00ad podr\u00e1s encontrar todo tipo de informaci\u00f3n sobre esta liga de baloncesto,<\/p>\n","protected":false},"author":1,"featured_media":0,"parent":0,"menu_order":0,"comment_status":"closed","ping_status":"closed","template":"","meta":{"pgc_sgb_lightbox_settings":"","footnotes":""},"class_list":["post-15","page","type-page","status-publish","hentry"],"_links":{"self":[{"href":"https:\/\/claseinfo.es\/nba\/index.php\/wp-json\/wp\/v2\/pages\/15","targetHints":{"allow":["GET"]}}],"collection":[{"href":"https:\/\/claseinfo.es\/nba\/index.php\/wp-json\/wp\/v2\/pages"}],"about":[{"href":"https:\/\/claseinfo.es\/nba\/index.php\/wp-json\/wp\/v2\/types\/page"}],"author":[{"embeddable":true,"href":"https:\/\/claseinfo.es\/nba\/index.php\/wp-json\/wp\/v2\/users\/1"}],"replies":[{"embeddable":true,"href":"https:\/\/claseinfo.es\/nba\/index.php\/wp-json\/wp\/v2\/comments?post=15"}],"version-history":[{"count":13,"href":"https:\/\/claseinfo.es\/nba\/index.php\/wp-json\/wp\/v2\/pages\/15\/revisions"}],"predecessor-version":[{"id":458,"href":"https:\/\/claseinfo.es\/nba\/index.php\/wp-json\/wp\/v2\/pages\/15\/revisions\/458"}],"wp:attachment":[{"href":"https:\/\/claseinfo.es\/nba\/index.php\/wp-json\/wp\/v2\/media?parent=15"}],"curies":[{"name":"wp","href":"https:\/\/api.w.org\/{rel}","templated":true}]}}