{"id":30,"date":"2021-12-02T11:51:26","date_gmt":"2021-12-02T11:51:26","guid":{"rendered":"https:\/\/claseinfo.es\/nba\/?page_id=30"},"modified":"2022-01-24T13:54:01","modified_gmt":"2022-01-24T13:54:01","slug":"historia","status":"publish","type":"page","link":"https:\/\/claseinfo.es\/nba\/index.php\/historia\/","title":{"rendered":"Historia"},"content":{"rendered":"\n<p>La NBA (National Basketbal Association) es una liga profesional de baloncesto de Estados Unidos. Actualmente es considerada la mejor liga de baloncesto del mundo. Se fund\u00f3 el 6 de junio de 1946.<\/p>\n\n\n\n<p>Actualmente cuenta con 30 equipos activos, divididos en dos conferencias. Cada conferencia se divide en tres divisiones de seis equipos cada una. Todos los equipos juegan 82 partidos a lo largo de la temporada regular, jugando m\u00e1s frecuentemente contra los equipos de su misma divisi\u00f3n o de su misma conferencia y jugando menos con los equipos de la otra conferencia.<\/p>\n\n\n\n<p>Al acabar la temporada regular, los 8 primeros clasificados de cada conferencia se enfrentan entre ellos en lo que se conoce como Playoffs. Los dos equipos de cada conferencia que llegan a la semifinal juegan las finales de conferencia donde los dos equipos ganadores se enfrentan en la final global. Los equipos de esta fase se enfrentan en series de 7 partidos en las que el primer equipo que gane 4 partidos pasa de ronda.<\/p>\n\n\n\n<p>Cada a\u00f1o se lleva a cabo el Draft de la NBA, en el cual cada uno de los 30 equipos selecciona por sorteo a 2 jugadores que provienen de ligas universitarias estadounidenses o de ligas profesionales extranjeras. Las franquicias de los equipos pueden intercambiar sus selecciones del Draft por jugadores activos de otros equipos de la NBA.<\/p>\n\n\n\n<p>Aparte de la temporada regular y de los Playoffs, en febrero se celebra el All-Star Weekend. Se trata de un fin de semana en el cu\u00e1l se celebra un partido amistoso (All-Star Game) entre los mejores jugadores de las conferencias, elegidos por el p\u00fablico. Adem\u00e1s, tambi\u00e9n se celebra un partido de celebridades, un concurso de habilidad, un concurso de mates y un concurso de triples. Cada a\u00f1o se celebra en un estado diferente pero uno de los que m\u00e1s se ha repetidos desde 1951 ha sido Nueva York, en el estadio Madison Square Garden, considerado tambi\u00e9n la sede de la NBA.<\/p>\n\n\n\n<p>&nbsp;&nbsp;<\/p>\n\n\n<p><div class=\"leaflet-map WPLeafletMap\" style=\"height:250px; width:100%;\"><\/div><script>\nwindow.WPLeafletMapPlugin = window.WPLeafletMapPlugin || [];\nwindow.WPLeafletMapPlugin.push(function WPLeafletMapShortcode() {\/*<script>*\/\nvar baseUrl = 'https:\/\/{s}.tile.openstreetmap.org\/{z}\/{x}\/{y}.png';\nvar base = (!baseUrl && window.MQ) ? \n    window.MQ.mapLayer() : L.tileLayer(baseUrl, \n        L.Util.extend({}, {\n            detectRetina: 0,\n            minZoom: 0,\n            maxZoom: 20,\n        }, \n        {\"subdomains\":\"abc\",\"noWrap\":false}        )\n    );\n    var options = L.Util.extend({}, {\n        layers: [base],\n        attributionControl: false\n    }, \n    {\"zoomControl\":false,\"scrollWheelZoom\":false,\"doubleClickZoom\":false,\"fitBounds\":false,\"minZoom\":0,\"maxZoom\":20,\"attribution\":\"<a href=\\\"http:\\\/\\\/leafletjs.com\\\" title=\\\"Una biblioteca JS para mapas interactivos\\\">Leaflet<\\\/a>; \\u00a9 <a href=\\\"http:\\\/\\\/www.openstreetmap.org\\\/copyright\\\">OpenStreetMap<\\\/a> colaboradores\"}, \n    {});\nwindow.WPLeafletMapPlugin.createMap(options).setView([35.860720655961,-91.669921875],3);});<\/script><br \/>\n<script>\nwindow.WPLeafletMapPlugin = window.WPLeafletMapPlugin || [];\nwindow.WPLeafletMapPlugin.push(function WPLeafletMarkerShortcode() {\/*<script>*\/\nvar map = window.WPLeafletMapPlugin.getCurrentMap();\nvar group = window.WPLeafletMapPlugin.getCurrentGroup();\nvar marker_options = window.WPLeafletMapPlugin.getIconOptions({});\nvar marker = L.marker(\n    [40.750483750457,-73.993510007858], \n    marker_options\n);\nvar is_image = map.is_image_map;\nif (marker_options.draggable) {\n    marker.on('dragend', function () {\n        var latlng = this.getLatLng();\n        var lat = latlng.lat;\n        var lng = latlng.lng;\n        if (is_image) {\n            console.log('leaflet-marker y=' + lat + ' x=' + lng);\n        } else {\n            console.log('leaflet-marker lat=' + lat + ' lng=' + lng);\n        }\n    });\n}\nmarker.addTo( group );\nwindow.WPLeafletMapPlugin.markers.push( marker );\n        });<\/script><\/p>\n","protected":false},"excerpt":{"rendered":"<p>La NBA (National Basketbal Association) es una liga profesional de baloncesto de Estados Unidos. Actualmente es considerada la mejor liga<\/p>\n","protected":false},"author":1,"featured_media":0,"parent":0,"menu_order":1,"comment_status":"closed","ping_status":"closed","template":"","meta":{"pgc_sgb_lightbox_settings":"","footnotes":""},"class_list":["post-30","page","type-page","status-publish","hentry"],"_links":{"self":[{"href":"https:\/\/claseinfo.es\/nba\/index.php\/wp-json\/wp\/v2\/pages\/30","targetHints":{"allow":["GET"]}}],"collection":[{"href":"https:\/\/claseinfo.es\/nba\/index.php\/wp-json\/wp\/v2\/pages"}],"about":[{"href":"https:\/\/claseinfo.es\/nba\/index.php\/wp-json\/wp\/v2\/types\/page"}],"author":[{"embeddable":true,"href":"https:\/\/claseinfo.es\/nba\/index.php\/wp-json\/wp\/v2\/users\/1"}],"replies":[{"embeddable":true,"href":"https:\/\/claseinfo.es\/nba\/index.php\/wp-json\/wp\/v2\/comments?post=30"}],"version-history":[{"count":38,"href":"https:\/\/claseinfo.es\/nba\/index.php\/wp-json\/wp\/v2\/pages\/30\/revisions"}],"predecessor-version":[{"id":349,"href":"https:\/\/claseinfo.es\/nba\/index.php\/wp-json\/wp\/v2\/pages\/30\/revisions\/349"}],"wp:attachment":[{"href":"https:\/\/claseinfo.es\/nba\/index.php\/wp-json\/wp\/v2\/media?parent=30"}],"curies":[{"name":"wp","href":"https:\/\/api.w.org\/{rel}","templated":true}]}}